{"id":14953,"date":"2025-09-19T19:08:49","date_gmt":"2025-09-19T17:08:49","guid":{"rendered":"https:\/\/deltaphotorom.fr\/nicolas-bacri-photographe-romilly\/?page_id=14953"},"modified":"2025-09-23T08:37:20","modified_gmt":"2025-09-23T06:37:20","slug":"atelier-photo","status":"publish","type":"page","link":"https:\/\/deltaphotorom.fr\/nicolas-bacri-photographe-romilly\/atelier-photo\/","title":{"rendered":"L&rsquo;atelier photo"},"content":{"rendered":"<div class=\"wpb-content-wrapper\"><p>[vc_row heading_color=\u00a0\u00bblight\u00a0\u00bb section_full_height=\u00a0\u00bbfullheight\u00a0\u00bb bg_type=\u00a0\u00bbimage\u00a0\u00bb bg_image=\u00a0\u00bb14964&Prime; bg_image_type=\u00a0\u00bbparallax\u00a0\u00bb color_overlay=\u00a0\u00bbgradient\u00a0\u00bb gradient_overlay_custom_1=\u00a0\u00bb#00000085&Prime; gradient_overlay_custom_2=\u00a0\u00bb#000000&Prime; gradient_overlay_direction=\u00a0\u00bb180&Prime; padding_top_multiplier=\u00a0\u00bb6x\u00a0\u00bb padding_bottom_multiplier=\u00a0\u00bb6x\u00a0\u00bb columns_gap=\u00a0\u00bb60&Prime; equal_column_height=\u00a0\u00bbmiddle-content\u00a0\u00bb font_color=\u00a0\u00bb#ffffff\u00a0\u00bb][vc_column]<h1 class=\"grve-element grve-title grve-align-left grve-animated-item grve-duration-normal grve-fade-in-up grve-h1\" style=\"margin-bottom: 0px;\" data-delay=\"200\"><span>Votre atelier photo<\/span><\/h1><h1 class=\"grve-element grve-title grve-align-left grve-animated-item grve-duration-normal grve-fade-in-up grve-h1\" style=\"margin-bottom: 0px;\" data-delay=\"400\"><span>\u00e0 Romilly sur Seine<\/span><\/h1><div class=\"grve-empty-space grve-height-2x\" style=\"\"><\/div>[vc_row_inner][vc_column_inner width=\u00a0\u00bb1\/3&Prime;]<h3 class=\"grve-element grve-title grve-align-left grve-animated-item grve-duration-normal grve-fade-in-up grve-h6\" style=\"\" data-delay=\"600\"><span><span class=\"grve-text-primary-1\">01. <\/span>Spacieux<\/span><\/h3>[\/vc_column_inner][vc_column_inner width=\u00a0\u00bb1\/3&Prime;]<h3 class=\"grve-element grve-title grve-align-left grve-animated-item grve-duration-normal grve-fade-in-up grve-h6\" style=\"\" data-delay=\"800\"><span><span class=\"grve-text-primary-1\">02. <\/span>Moderne<\/span><\/h3>[\/vc_column_inner][vc_column_inner width=\u00a0\u00bb1\/3&Prime;]<h3 class=\"grve-element grve-title grve-align-left grve-animated-item grve-duration-normal grve-fade-in-up grve-h6\" style=\"\" data-delay=\"800\"><span><span class=\"grve-text-primary-1\">03. <\/span>Facilement accessible<\/span><\/h3>[\/vc_column_inner][\/vc_row_inner][\/vc_column][\/vc_row][vc_row heading_color=\u00a0\u00bblight\u00a0\u00bb section_type=\u00a0\u00bbfullwidth\u00a0\u00bb bg_type=\u00a0\u00bbimage\u00a0\u00bb bg_image=\u00a0\u00bb14835&Prime; bg_position=\u00a0\u00bbcenter-top\u00a0\u00bb padding_top_multiplier=\u00a0\u00bb\u00a0\u00bb padding_bottom_multiplier=\u00a0\u00bb\u00a0\u00bb columns_gap=\u00a0\u00bbnone\u00a0\u00bb equal_column_height=\u00a0\u00bbequal-column\u00a0\u00bb font_color=\u00a0\u00bb#ffffff\u00a0\u00bb][vc_column width=\u00a0\u00bb1\/2&Prime; css=\u00a0\u00bb.vc_custom_1507880751781{padding: 14% !important;}\u00a0\u00bb]<h3 class=\"grve-element grve-title grve-align-left grve-h5\" style=\"\"><span>Adresse :<\/span><\/h3>[vc_column_text css=\u00a0\u00bb\u00a0\u00bb]79 Rue Gornet Boivin<br \/>\n10100 Romilly-sur-Seine[\/vc_column_text]<div class=\"grve-empty-space grve-height-1x\" style=\"\"><\/div>[vc_goo_maps location=\u00a0\u00bb79 Rue Gornet Boivin, 10100 Romilly-sur-Seine\u00a0\u00bb zoom=\u00a0\u00bb14&Prime; type=\u00a0\u00bbh\u00a0\u00bb css_animation=\u00a0\u00bbfadeIn\u00a0\u00bb css=\u00a0\u00bb\u00a0\u00bb]<div class=\"grve-empty-space grve-height-1x\" style=\"\"><\/div><h3 class=\"grve-element grve-title grve-align-left grve-h5\" style=\"\"><span>T\u00e9l\u00e9phone :<\/span><\/h3>[vc_column_text css=\u00a0\u00bb\u00a0\u00bb]06 73 69 74 64[\/vc_column_text][\/vc_column][vc_column width=\u00a0\u00bb1\/2&Prime; css=\u00a0\u00bb.vc_custom_1758524604737{padding-top: 14% !important;padding-right: 14% !important;padding-bottom: 14% !important;padding-left: 14% !important;background-color: #000000B5 !important;}\u00a0\u00bb]<h3 class=\"grve-element grve-title grve-align-left grve-h5\" style=\"\"><span>Horaires d&rsquo;ouverture :<\/span><\/h3>[vc_column_text css=\u00a0\u00bb\u00a0\u00bb][\/vc_column_text][vc_row_inner][vc_column_inner width=\u00a0\u00bb1\/4&Prime;]<h3 class=\"grve-element grve-title grve-align-left grve-h6\" style=\"\"><span>Lundi :<\/span><\/h3>[\/vc_column_inner][vc_column_inner width=\u00a0\u00bb3\/4&Prime;][vc_column_text css=\u00a0\u00bb\u00a0\u00bb]<\/p>\n<p style=\"text-align: center;\">Ferm\u00e9<\/p>\n<p>[\/vc_column_text][\/vc_column_inner][\/vc_row_inner]<div class=\"grve-empty-space grve-height-1x\" style=\"\"><\/div>[vc_row_inner][vc_column_inner width=\u00a0\u00bb1\/3&Prime;]<h3 class=\"grve-element grve-title grve-align-left grve-h6\" style=\"\"><span>Mardi :<\/span><\/h3>[\/vc_column_inner][vc_column_inner width=\u00a0\u00bb1\/3&Prime;][vc_column_text css=\u00a0\u00bb\u00a0\u00bb]<\/p>\n<p style=\"text-align: center;\">9h30 &#8211; 12h00<\/p>\n<p>[\/vc_column_text][\/vc_column_inner][vc_column_inner width=\u00a0\u00bb1\/3&Prime;][vc_column_text css=\u00a0\u00bb\u00a0\u00bb]<\/p>\n<p style=\"text-align: center;\">14h30 &#8211; 19h00<\/p>\n<p>[\/vc_column_text][\/vc_column_inner][\/vc_row_inner]<div class=\"grve-empty-space grve-height-1x\" style=\"\"><\/div>[vc_row_inner][vc_column_inner width=\u00a0\u00bb1\/3&Prime;]<h3 class=\"grve-element grve-title grve-align-left grve-h6\" style=\"\"><span>Mercredi :<\/span><\/h3>[\/vc_column_inner][vc_column_inner width=\u00a0\u00bb1\/3&Prime;][vc_column_text css=\u00a0\u00bb\u00a0\u00bb]<\/p>\n<p style=\"text-align: center;\">9h30 &#8211; 12h00<\/p>\n<p>[\/vc_column_text][\/vc_column_inner][vc_column_inner width=\u00a0\u00bb1\/3&Prime;][vc_column_text css=\u00a0\u00bb\u00a0\u00bb]<\/p>\n<p style=\"text-align: center;\">14h30 &#8211; 19h00<\/p>\n<p>[\/vc_column_text][\/vc_column_inner][\/vc_row_inner]<div class=\"grve-empty-space grve-height-1x\" style=\"\"><\/div>[vc_row_inner][vc_column_inner width=\u00a0\u00bb1\/3&Prime;]<h3 class=\"grve-element grve-title grve-align-left grve-h6\" style=\"\"><span>Jeudi :<\/span><\/h3>[\/vc_column_inner][vc_column_inner width=\u00a0\u00bb1\/3&Prime;][vc_column_text css=\u00a0\u00bb\u00a0\u00bb]<\/p>\n<p style=\"text-align: center;\">9h30 &#8211; 12h00<\/p>\n<p>[\/vc_column_text][\/vc_column_inner][vc_column_inner width=\u00a0\u00bb1\/3&Prime;][vc_column_text css=\u00a0\u00bb\u00a0\u00bb]<\/p>\n<p style=\"text-align: center;\">14h30 &#8211; 19h00<\/p>\n<p>[\/vc_column_text][\/vc_column_inner][\/vc_row_inner]<div class=\"grve-empty-space grve-height-1x\" style=\"\"><\/div>[vc_row_inner][vc_column_inner width=\u00a0\u00bb1\/3&Prime;]<h3 class=\"grve-element grve-title grve-align-left grve-h6\" style=\"\"><span>Vendredi :<\/span><\/h3>[\/vc_column_inner][vc_column_inner width=\u00a0\u00bb1\/3&Prime;][vc_column_text css=\u00a0\u00bb\u00a0\u00bb]<\/p>\n<p style=\"text-align: center;\">9h30 &#8211; 12h00<\/p>\n<p>[\/vc_column_text][\/vc_column_inner][vc_column_inner width=\u00a0\u00bb1\/3&Prime;][vc_column_text css=\u00a0\u00bb\u00a0\u00bb]<\/p>\n<p style=\"text-align: center;\">14h30 &#8211; 19h00<\/p>\n<p>[\/vc_column_text][\/vc_column_inner][\/vc_row_inner]<div class=\"grve-empty-space grve-height-1x\" style=\"\"><\/div>[vc_row_inner][vc_column_inner width=\u00a0\u00bb1\/3&Prime;]<h3 class=\"grve-element grve-title grve-align-left grve-h6\" style=\"\"><span>Samedi :<\/span><\/h3>[\/vc_column_inner][vc_column_inner width=\u00a0\u00bb1\/3&Prime;][vc_column_text css=\u00a0\u00bb\u00a0\u00bb]<\/p>\n<p style=\"text-align: center;\">9h30 &#8211; 12h00<\/p>\n<p>[\/vc_column_text][\/vc_column_inner][vc_column_inner width=\u00a0\u00bb1\/3&Prime;][vc_column_text css=\u00a0\u00bb\u00a0\u00bb]<\/p>\n<p style=\"text-align: center;\">14h30 &#8211; 18h00<\/p>\n<p>[\/vc_column_text][\/vc_column_inner][\/vc_row_inner]<div class=\"grve-empty-space grve-height-1x\" style=\"\"><\/div>[vc_row_inner][vc_column_inner width=\u00a0\u00bb1\/4&Prime;]<h3 class=\"grve-element grve-title grve-align-left grve-h6\" style=\"\"><span>Dimanche :<\/span><\/h3>[\/vc_column_inner][vc_column_inner width=\u00a0\u00bb3\/4&Prime;][vc_column_text css=\u00a0\u00bb\u00a0\u00bb]<\/p>\n<p style=\"text-align: center;\">Ferm\u00e9<\/p>\n<p>[\/vc_column_text][\/vc_column_inner][\/vc_row_inner]<div class=\"grve-empty-space grve-height-1x\" style=\"\"><\/div><div class=\"grve-element grve-message grve-bg-primary-2 grve-bg-hover-black grve-animated-item grve-fade-in-down-big grve-duration-normal\" style=\"\" data-delay=\"200\">  <i class=\"grve-message-icon fa fa-solid fa-circle-info\"><\/i>  <p>En p\u00e9riode de mariages notamment, fermetures probables les samedis.<br \/>\nAppelez avant de vous d\u00e9placer<\/p>  <i class=\"grve-close\"><\/i><\/div>[\/vc_column][\/vc_row][vc_row][vc_column]<h2 class=\"grve-element grve-title grve-align-left grve-h3\" style=\"\"><span>Bienvenue dans votre atelier photo<\/span><\/h2><h2 class=\"grve-element grve-title grve-align-left grve-leader-text\" style=\"\"><span>Delta Photo c&rsquo;est plus de 150m\u00b2 d\u00e9di\u00e9s \u00e0 vos souvenirs photographiques.<br>\nFacilement accessible dans la rue Gornet Boivin de Romilly-sur-Seine, Delta Photo vous propose des prestations vari\u00e9s telles les <em><a href=\"https:\/\/deltaphotorom.fr\/nicolas-bacri-photographe-romilly\/prestations\/photos-identite\/\">photos d&rsquo;identit\u00e9<\/a><\/em>, <em><a href=\"https:\/\/deltaphotorom.fr\/nicolas-bacri-photographe-romilly\/prestations\/portraits-studio\/\">les portraits<\/a><\/em>, <em><a href=\"https:\/\/deltaphotorom.fr\/nicolas-bacri-photographe-romilly\/prestations\/mariages\/\">les reportages mariages<\/a><\/em>, <em><a href=\"https:\/\/deltaphotorom.fr\/nicolas-bacri-photographe-romilly\/prestations\/tirages-numeriques-express\/\">le d\u00e9veloppement num\u00e9rique de vos photos et vos posters<\/a><\/em>, de <em><a href=\"https:\/\/deltaphotorom.fr\/nicolas-bacri-photographe-romilly\/prestations\/prestations-atelier\/#encadrement\">l&rsquo;encadrement<\/a><\/em> et la <em><a href=\"https:\/\/deltaphotorom.fr\/nicolas-bacri-photographe-romilly\/prestations\/borne-a-selfies\/\">location de bornes \u00e0 selfies<\/a><\/em>.<\/span><\/h2>[\/vc_column][\/vc_row][vc_row heading_color=\u00a0\u00bblight\u00a0\u00bb bg_type=\u00a0\u00bbgradient\u00a0\u00bb bg_gradient_color_1=\u00a0\u00bb#FFFFFF\u00a0\u00bb bg_gradient_color_2=\u00a0\u00bb#902121&Prime; bg_gradient_direction=\u00a0\u00bb180&Prime; padding_top_multiplier=\u00a0\u00bb\u00a0\u00bb padding_bottom_multiplier=\u00a0\u00bb\u00a0\u00bb columns_gap=\u00a0\u00bbnone\u00a0\u00bb equal_column_height=\u00a0\u00bbmiddle-content\u00a0\u00bb font_color=\u00a0\u00bb#ffffff\u00a0\u00bb][vc_column width=\u00a0\u00bb1\/6&Prime; css=\u00a0\u00bb.vc_custom_1758124018969{background-position: center !important;background-repeat: no-repeat !important;background-size: cover !important;}\u00a0\u00bb][\/vc_column][vc_column width=\u00a0\u00bb2\/3&Prime;]<div class=\"grve-empty-space grve-height-2x\" style=\"\"><\/div><div class=\"grve-element grve-image-text grve-layout-2 grve-align-left grve-paraller-wrapper\" style=\"\"><div class=\"grve-image grve-position-left\"><img loading=\"lazy\" decoding=\"async\" width=\"960\" height=\"720\" src=\"https:\/\/deltaphotorom.fr\/nicolas-bacri-photographe-romilly\/wp-content\/uploads\/2025\/09\/128363086_10157276594366353_2639416070561358965_n.jpg\" class=\"grve-extra-round attachment-full size-full\" alt=\"\" srcset=\"https:\/\/deltaphotorom.fr\/nicolas-bacri-photographe-romilly\/wp-content\/uploads\/2025\/09\/128363086_10157276594366353_2639416070561358965_n.jpg 960w, https:\/\/deltaphotorom.fr\/nicolas-bacri-photographe-romilly\/wp-content\/uploads\/2025\/09\/128363086_10157276594366353_2639416070561358965_n-300x225.jpg 300w, https:\/\/deltaphotorom.fr\/nicolas-bacri-photographe-romilly\/wp-content\/uploads\/2025\/09\/128363086_10157276594366353_2639416070561358965_n-768x576.jpg 768w, https:\/\/deltaphotorom.fr\/nicolas-bacri-photographe-romilly\/wp-content\/uploads\/2025\/09\/128363086_10157276594366353_2639416070561358965_n-560x420.jpg 560w, https:\/\/deltaphotorom.fr\/nicolas-bacri-photographe-romilly\/wp-content\/uploads\/2025\/09\/128363086_10157276594366353_2639416070561358965_n-900x675.jpg 900w\" sizes=\"auto, (max-width: 960px) 100vw, 960px\" \/><\/div>  <div class=\"grve-content grve-bg-black grve-box-item grve-paraller grve-align-left\" data-limit=\"1x\">  <p class=\"grve-description\">L&rsquo;accueil<\/p>  <\/div><\/div><div class=\"grve-empty-space grve-height-2x\" style=\"\"><\/div><div class=\"grve-element grve-image-text grve-layout-2 grve-align-left grve-paraller-wrapper\" style=\"\"><div class=\"grve-image grve-position-left\"><img loading=\"lazy\" decoding=\"async\" width=\"960\" height=\"720\" src=\"https:\/\/deltaphotorom.fr\/nicolas-bacri-photographe-romilly\/wp-content\/uploads\/2025\/09\/481053624_1196330079071309_7406688520514940948_n.jpg\" class=\"grve-extra-round attachment-full size-full\" alt=\"\" srcset=\"https:\/\/deltaphotorom.fr\/nicolas-bacri-photographe-romilly\/wp-content\/uploads\/2025\/09\/481053624_1196330079071309_7406688520514940948_n.jpg 960w, https:\/\/deltaphotorom.fr\/nicolas-bacri-photographe-romilly\/wp-content\/uploads\/2025\/09\/481053624_1196330079071309_7406688520514940948_n-300x225.jpg 300w, https:\/\/deltaphotorom.fr\/nicolas-bacri-photographe-romilly\/wp-content\/uploads\/2025\/09\/481053624_1196330079071309_7406688520514940948_n-768x576.jpg 768w, https:\/\/deltaphotorom.fr\/nicolas-bacri-photographe-romilly\/wp-content\/uploads\/2025\/09\/481053624_1196330079071309_7406688520514940948_n-560x420.jpg 560w, https:\/\/deltaphotorom.fr\/nicolas-bacri-photographe-romilly\/wp-content\/uploads\/2025\/09\/481053624_1196330079071309_7406688520514940948_n-900x675.jpg 900w\" sizes=\"auto, (max-width: 960px) 100vw, 960px\" \/><\/div>  <div class=\"grve-content grve-bg-black grve-box-item grve-paraller grve-align-left\" data-limit=\"1x\">  <p class=\"grve-description\">Zone mat\u00e9riel &amp; d\u00e9tente<\/p>  <\/div><\/div><div class=\"grve-empty-space grve-height-2x\" style=\"\"><\/div><div class=\"grve-element grve-image-text grve-layout-2 grve-align-left grve-paraller-wrapper\" style=\"\"><div class=\"grve-image grve-position-left\"><img loading=\"lazy\" decoding=\"async\" width=\"960\" height=\"720\" src=\"https:\/\/deltaphotorom.fr\/nicolas-bacri-photographe-romilly\/wp-content\/uploads\/2025\/09\/128192243_10157276594586353_7654055655837802997_n.jpg\" class=\"grve-extra-round attachment-full size-full\" alt=\"\" srcset=\"https:\/\/deltaphotorom.fr\/nicolas-bacri-photographe-romilly\/wp-content\/uploads\/2025\/09\/128192243_10157276594586353_7654055655837802997_n.jpg 960w, https:\/\/deltaphotorom.fr\/nicolas-bacri-photographe-romilly\/wp-content\/uploads\/2025\/09\/128192243_10157276594586353_7654055655837802997_n-300x225.jpg 300w, https:\/\/deltaphotorom.fr\/nicolas-bacri-photographe-romilly\/wp-content\/uploads\/2025\/09\/128192243_10157276594586353_7654055655837802997_n-768x576.jpg 768w, https:\/\/deltaphotorom.fr\/nicolas-bacri-photographe-romilly\/wp-content\/uploads\/2025\/09\/128192243_10157276594586353_7654055655837802997_n-560x420.jpg 560w, https:\/\/deltaphotorom.fr\/nicolas-bacri-photographe-romilly\/wp-content\/uploads\/2025\/09\/128192243_10157276594586353_7654055655837802997_n-900x675.jpg 900w\" sizes=\"auto, (max-width: 960px) 100vw, 960px\" \/><\/div>  <div class=\"grve-content grve-bg-black grve-box-item grve-paraller grve-align-left\" data-limit=\"1x\">  <p class=\"grve-description\">Le Studio portrait &amp; identit\u00e9s<\/p>  <\/div><\/div><div class=\"grve-empty-space grve-height-2x\" style=\"\"><\/div><div class=\"grve-element grve-image-text grve-layout-2 grve-align-left grve-paraller-wrapper\" style=\"\"><div class=\"grve-image grve-position-left\"><img loading=\"lazy\" decoding=\"async\" width=\"2048\" height=\"1536\" src=\"https:\/\/deltaphotorom.fr\/nicolas-bacri-photographe-romilly\/wp-content\/uploads\/2025\/09\/481199482_1196330052404645_7757485489758121923_n.jpg\" class=\"grve-extra-round attachment-full size-full\" alt=\"\" srcset=\"https:\/\/deltaphotorom.fr\/nicolas-bacri-photographe-romilly\/wp-content\/uploads\/2025\/09\/481199482_1196330052404645_7757485489758121923_n.jpg 2048w, https:\/\/deltaphotorom.fr\/nicolas-bacri-photographe-romilly\/wp-content\/uploads\/2025\/09\/481199482_1196330052404645_7757485489758121923_n-300x225.jpg 300w, https:\/\/deltaphotorom.fr\/nicolas-bacri-photographe-romilly\/wp-content\/uploads\/2025\/09\/481199482_1196330052404645_7757485489758121923_n-1024x768.jpg 1024w, https:\/\/deltaphotorom.fr\/nicolas-bacri-photographe-romilly\/wp-content\/uploads\/2025\/09\/481199482_1196330052404645_7757485489758121923_n-768x576.jpg 768w, https:\/\/deltaphotorom.fr\/nicolas-bacri-photographe-romilly\/wp-content\/uploads\/2025\/09\/481199482_1196330052404645_7757485489758121923_n-1536x1152.jpg 1536w, https:\/\/deltaphotorom.fr\/nicolas-bacri-photographe-romilly\/wp-content\/uploads\/2025\/09\/481199482_1196330052404645_7757485489758121923_n-560x420.jpg 560w, https:\/\/deltaphotorom.fr\/nicolas-bacri-photographe-romilly\/wp-content\/uploads\/2025\/09\/481199482_1196330052404645_7757485489758121923_n-900x675.jpg 900w, https:\/\/deltaphotorom.fr\/nicolas-bacri-photographe-romilly\/wp-content\/uploads\/2025\/09\/481199482_1196330052404645_7757485489758121923_n-1920x1440.jpg 1920w\" sizes=\"auto, (max-width: 2048px) 100vw, 2048px\" \/><\/div>  <div class=\"grve-content grve-bg-black grve-box-item grve-paraller grve-align-left\" data-limit=\"1x\">  <p class=\"grve-description\">Espace encadrement<\/p>  <\/div><\/div><div class=\"grve-empty-space grve-height-2x\" style=\"\"><\/div><div class=\"grve-element grve-image-text grve-layout-2 grve-align-left grve-paraller-wrapper\" style=\"\"><div class=\"grve-image grve-position-left\"><img loading=\"lazy\" decoding=\"async\" width=\"2048\" height=\"1536\" src=\"https:\/\/deltaphotorom.fr\/nicolas-bacri-photographe-romilly\/wp-content\/uploads\/2025\/09\/482321211_1196330205737963_2754809288724934814_n.jpg\" class=\"grve-extra-round attachment-full size-full\" alt=\"\" srcset=\"https:\/\/deltaphotorom.fr\/nicolas-bacri-photographe-romilly\/wp-content\/uploads\/2025\/09\/482321211_1196330205737963_2754809288724934814_n.jpg 2048w, https:\/\/deltaphotorom.fr\/nicolas-bacri-photographe-romilly\/wp-content\/uploads\/2025\/09\/482321211_1196330205737963_2754809288724934814_n-300x225.jpg 300w, https:\/\/deltaphotorom.fr\/nicolas-bacri-photographe-romilly\/wp-content\/uploads\/2025\/09\/482321211_1196330205737963_2754809288724934814_n-1024x768.jpg 1024w, https:\/\/deltaphotorom.fr\/nicolas-bacri-photographe-romilly\/wp-content\/uploads\/2025\/09\/482321211_1196330205737963_2754809288724934814_n-768x576.jpg 768w, https:\/\/deltaphotorom.fr\/nicolas-bacri-photographe-romilly\/wp-content\/uploads\/2025\/09\/482321211_1196330205737963_2754809288724934814_n-1536x1152.jpg 1536w, https:\/\/deltaphotorom.fr\/nicolas-bacri-photographe-romilly\/wp-content\/uploads\/2025\/09\/482321211_1196330205737963_2754809288724934814_n-560x420.jpg 560w, https:\/\/deltaphotorom.fr\/nicolas-bacri-photographe-romilly\/wp-content\/uploads\/2025\/09\/482321211_1196330205737963_2754809288724934814_n-900x675.jpg 900w, https:\/\/deltaphotorom.fr\/nicolas-bacri-photographe-romilly\/wp-content\/uploads\/2025\/09\/482321211_1196330205737963_2754809288724934814_n-1920x1440.jpg 1920w\" sizes=\"auto, (max-width: 2048px) 100vw, 2048px\" \/><\/div>  <div class=\"grve-content grve-bg-black grve-box-item grve-paraller grve-align-left\" data-limit=\"1x\">  <p class=\"grve-description\">Laboratoire num\u00e9rique<\/p>  <\/div><\/div><div class=\"grve-empty-space grve-height-2x\" style=\"\"><\/div>[\/vc_column][vc_column width=\u00a0\u00bb1\/6&Prime;][\/vc_column][\/vc_row]<\/p>\n<\/div>","protected":false},"excerpt":{"rendered":"<p>[vc_row heading_color=\u00a0\u00bblight\u00a0\u00bb section_full_height=\u00a0\u00bbfullheight\u00a0\u00bb bg_type=\u00a0\u00bbimage\u00a0\u00bb bg_image=\u00a0\u00bb14964&Prime; bg_image_type=\u00a0\u00bbparallax\u00a0\u00bb color_overlay=\u00a0\u00bbgradient\u00a0\u00bb gradient_overlay_custom_1=\u00a0\u00bb#00000085&Prime; gradient_overlay_custom_2=\u00a0\u00bb#000000&Prime; gradient_overlay_direction=\u00a0\u00bb180&Prime; padding_top_multiplier=\u00a0\u00bb6x\u00a0\u00bb padding_bottom_multiplier=\u00a0\u00bb6x\u00a0\u00bb columns_gap=\u00a0\u00bb60&Prime; equal_column_height=\u00a0\u00bbmiddle-content\u00a0\u00bb font_color=\u00a0\u00bb#ffffff\u00a0\u00bb][vc_column][vc_row_inner][vc_column_inner width=\u00a0\u00bb1\/3&Prime;][\/vc_column_inner][vc_column_inner width=\u00a0\u00bb1\/3&Prime;][\/vc_column_inner][vc_column_inner width=\u00a0\u00bb1\/3&Prime;][\/vc_column_inner][\/vc_row_inner][\/vc_column][\/vc_row][vc_row heading_color=\u00a0\u00bblight\u00a0\u00bb section_type=\u00a0\u00bbfullwidth\u00a0\u00bb bg_type=\u00a0\u00bbimage\u00a0\u00bb bg_image=\u00a0\u00bb14835&Prime; bg_position=\u00a0\u00bbcenter-top\u00a0\u00bb padding_top_multiplier=\u00a0\u00bb\u00a0\u00bb padding_bottom_multiplier=\u00a0\u00bb\u00a0\u00bb columns_gap=\u00a0\u00bbnone\u00a0\u00bb equal_column_height=\u00a0\u00bbequal-column\u00a0\u00bb font_color=\u00a0\u00bb#ffffff\u00a0\u00bb][vc_column width=\u00a0\u00bb1\/2&Prime; css=\u00a0\u00bb.vc_custom_1507880751781{padding: 14% !important;}\u00a0\u00bb][vc_column_text css=\u00a0\u00bb\u00a0\u00bb]79 Rue Gornet Boivin 10100 Romilly-sur-Seine[\/vc_column_text][vc_goo_maps location=\u00a0\u00bb79 Rue Gornet Boivin, 10100 Romilly-sur-Seine\u00a0\u00bb zoom=\u00a0\u00bb14&Prime; type=\u00a0\u00bbh\u00a0\u00bb css_animation=\u00a0\u00bbfadeIn\u00a0\u00bb css=\u00a0\u00bb\u00a0\u00bb][vc_column_text css=\u00a0\u00bb\u00a0\u00bb]06 73 69 74 64[\/vc_column_text][\/vc_column][vc_column width=\u00a0\u00bb1\/2&Prime; css=\u00a0\u00bb.vc_custom_1758524604737{padding-top: [&hellip;]<\/p>\n","protected":false},"author":1,"featured_media":14964,"parent":0,"menu_order":0,"comment_status":"closed","ping_status":"closed","template":"","meta":{"footnotes":""},"class_list":["post-14953","page","type-page","status-publish","has-post-thumbnail","hentry"],"_links":{"self":[{"href":"https:\/\/deltaphotorom.fr\/nicolas-bacri-photographe-romilly\/wp-json\/wp\/v2\/pages\/14953","targetHints":{"allow":["GET"]}}],"collection":[{"href":"https:\/\/deltaphotorom.fr\/nicolas-bacri-photographe-romilly\/wp-json\/wp\/v2\/pages"}],"about":[{"href":"https:\/\/deltaphotorom.fr\/nicolas-bacri-photographe-romilly\/wp-json\/wp\/v2\/types\/page"}],"author":[{"embeddable":true,"href":"https:\/\/deltaphotorom.fr\/nicolas-bacri-photographe-romilly\/wp-json\/wp\/v2\/users\/1"}],"replies":[{"embeddable":true,"href":"https:\/\/deltaphotorom.fr\/nicolas-bacri-photographe-romilly\/wp-json\/wp\/v2\/comments?post=14953"}],"version-history":[{"count":16,"href":"https:\/\/deltaphotorom.fr\/nicolas-bacri-photographe-romilly\/wp-json\/wp\/v2\/pages\/14953\/revisions"}],"predecessor-version":[{"id":15111,"href":"https:\/\/deltaphotorom.fr\/nicolas-bacri-photographe-romilly\/wp-json\/wp\/v2\/pages\/14953\/revisions\/15111"}],"wp:featuredmedia":[{"embeddable":true,"href":"https:\/\/deltaphotorom.fr\/nicolas-bacri-photographe-romilly\/wp-json\/wp\/v2\/media\/14964"}],"wp:attachment":[{"href":"https:\/\/deltaphotorom.fr\/nicolas-bacri-photographe-romilly\/wp-json\/wp\/v2\/media?parent=14953"}],"curies":[{"name":"wp","href":"https:\/\/api.w.org\/{rel}","templated":true}]}}