{"id":14900,"date":"2025-09-17T21:46:50","date_gmt":"2025-09-17T19:46:50","guid":{"rendered":"https:\/\/deltaphotorom.fr\/nicolas-bacri-photographe-romilly\/?page_id=14900"},"modified":"2025-09-25T18:04:09","modified_gmt":"2025-09-25T16:04:09","slug":"portraits-studio","status":"publish","type":"page","link":"https:\/\/deltaphotorom.fr\/nicolas-bacri-photographe-romilly\/prestations\/portraits-studio\/","title":{"rendered":"Portraits studio"},"content":{"rendered":"<div class=\"wpb-content-wrapper\"><p>[vc_row heading_color=\u00a0\u00bblight\u00a0\u00bb section_full_height=\u00a0\u00bbfullheight\u00a0\u00bb bg_type=\u00a0\u00bbimage\u00a0\u00bb bg_image=\u00a0\u00bb14904&Prime; bg_image_type=\u00a0\u00bbparallax\u00a0\u00bb color_overlay=\u00a0\u00bbgradient\u00a0\u00bb gradient_overlay_custom_1=\u00a0\u00bb#00000085&Prime; gradient_overlay_custom_2=\u00a0\u00bb#000000&Prime; gradient_overlay_direction=\u00a0\u00bb180&Prime; padding_top_multiplier=\u00a0\u00bb6x\u00a0\u00bb padding_bottom_multiplier=\u00a0\u00bb6x\u00a0\u00bb columns_gap=\u00a0\u00bb60&Prime; equal_column_height=\u00a0\u00bbmiddle-content\u00a0\u00bb font_color=\u00a0\u00bb#ffffff\u00a0\u00bb][vc_column]<h1 class=\"grve-element grve-title grve-align-left grve-animated-item grve-duration-normal grve-fade-in-up grve-h1\" style=\"margin-bottom: 0px;\" data-delay=\"200\"><span>Vos portraits en studio<\/span><\/h1><h1 class=\"grve-element grve-title grve-align-left grve-animated-item grve-duration-normal grve-fade-in-up grve-h1\" style=\"margin-bottom: 0px;\" data-delay=\"400\"><span>\u00e0 Romilly-sur-Seine<\/span><\/h1><div class=\"grve-empty-space grve-height-2x\" style=\"\"><\/div>[vc_row_inner][vc_column_inner width=\u00a0\u00bb1\/3&Prime;]<h3 class=\"grve-element grve-title grve-align-left grve-animated-item grve-duration-normal grve-fade-in-up grve-h6\" style=\"\" data-delay=\"600\"><span><span class=\"grve-text-primary-1\">01. <\/span>sur rendez-vous<\/span><\/h3>[\/vc_column_inner][vc_column_inner width=\u00a0\u00bb1\/3&Prime;]<h3 class=\"grve-element grve-title grve-align-left grve-animated-item grve-duration-normal grve-fade-in-up grve-h6\" style=\"\" data-delay=\"800\"><span><span class=\"grve-text-primary-1\">02. <\/span>forfaits adapt\u00e9s<\/span><\/h3>[\/vc_column_inner][vc_column_inner width=\u00a0\u00bb1\/3&Prime;][\/vc_column_inner][\/vc_row_inner][\/vc_column][\/vc_row][vc_row heading_color=\u00a0\u00bblight\u00a0\u00bb bg_type=\u00a0\u00bbcolor\u00a0\u00bb padding_top_multiplier=\u00a0\u00bb\u00a0\u00bb padding_bottom_multiplier=\u00a0\u00bb\u00a0\u00bb columns_gap=\u00a0\u00bbnone\u00a0\u00bb equal_column_height=\u00a0\u00bbmiddle-content\u00a0\u00bb font_color=\u00a0\u00bb#ffffff\u00a0\u00bb bg_color=\u00a0\u00bb#000000&Prime;][vc_column css=\u00a0\u00bb.vc_custom_1758124018969{background-position: center !important;background-repeat: no-repeat !important;background-size: cover !important;}\u00a0\u00bb]<div class=\"grve-empty-space grve-height-2x\" style=\"\"><\/div><div class=\"grve-element grve-image-text grve-layout-2 grve-align-left grve-paraller-wrapper\" style=\"\"><div class=\"grve-image grve-position-left\"><img loading=\"lazy\" decoding=\"async\" width=\"960\" height=\"720\" src=\"https:\/\/deltaphotorom.fr\/nicolas-bacri-photographe-romilly\/wp-content\/uploads\/2025\/09\/128192243_10157276594586353_7654055655837802997_n.jpg\" class=\"grve-extra-round attachment-full size-full\" alt=\"\" srcset=\"https:\/\/deltaphotorom.fr\/nicolas-bacri-photographe-romilly\/wp-content\/uploads\/2025\/09\/128192243_10157276594586353_7654055655837802997_n.jpg 960w, https:\/\/deltaphotorom.fr\/nicolas-bacri-photographe-romilly\/wp-content\/uploads\/2025\/09\/128192243_10157276594586353_7654055655837802997_n-300x225.jpg 300w, https:\/\/deltaphotorom.fr\/nicolas-bacri-photographe-romilly\/wp-content\/uploads\/2025\/09\/128192243_10157276594586353_7654055655837802997_n-768x576.jpg 768w, https:\/\/deltaphotorom.fr\/nicolas-bacri-photographe-romilly\/wp-content\/uploads\/2025\/09\/128192243_10157276594586353_7654055655837802997_n-560x420.jpg 560w, https:\/\/deltaphotorom.fr\/nicolas-bacri-photographe-romilly\/wp-content\/uploads\/2025\/09\/128192243_10157276594586353_7654055655837802997_n-900x675.jpg 900w\" sizes=\"auto, (max-width: 960px) 100vw, 960px\" \/><\/div>  <div class=\"grve-content grve-bg-black grve-box-item grve-paraller grve-align-left\" data-limit=\"1x\"><h3 class=\"grve-title grve-heading-color grve-h3\">Photos studio<\/h3>  <p class=\"grve-description\">Le vaste studio Delta Photo et se diff\u00e9rents fonds, pour r\u00e9aliser vos portraits professionnels, familiaux et m\u00eame avec vos animaux (s&rsquo;ils ne mordent pas !)<\/p>  <\/div><\/div>[\/vc_column][\/vc_row][vc_row heading_color=\u00a0\u00bblight\u00a0\u00bb bg_type=\u00a0\u00bbcolor\u00a0\u00bb padding_top_multiplier=\u00a0\u00bb2x\u00a0\u00bb padding_bottom_multiplier=\u00a0\u00bb2x\u00a0\u00bb bg_color=\u00a0\u00bb#000000&Prime;][vc_column]<h2 class=\"grve-element grve-title grve-align-left grve-h3\" style=\"\"><span>Faites vous tirer le portrait chez Delta Photo.<\/span><\/h2><h2 class=\"grve-element grve-title grve-align-left grve-leader-text\" style=\"\"><span>&#8230;<\/span><\/h2>[\/vc_column][vc_column]<div class=\"grve-empty-space grve-height-2x\" style=\"\"><\/div><div class=\"grve-element grve-gallery grve-isotope grve-gallery-popup grve-with-gap\" style=\"\" data-columns=\"3\" data-columns-large-screen=\"3\" data-columns-tablet-landscape=\"2\" data-columns-tablet-portrait=\"2\" data-columns-mobile=\"1\" data-layout=\"masonry\" data-gutter-size=\"5\">  <div class=\"grve-isotope-container\"><div class=\"grve-isotope-item grve-hover-item grve-hover-style-none grve-image-square\"><div class=\"grve-isotope-item-inner grve-zoom-in\">  <figure class=\"grve-image-hover\">    <a class=\"grve-item-url\" href=\"https:\/\/deltaphotorom.fr\/nicolas-bacri-photographe-romilly\/wp-content\/uploads\/2025\/09\/nicolas-bacri-photographe-1020.jpg\" ><\/a>    <div class=\"grve-hover-overlay grve-bg-light grve-opacity-90\"><\/div><div class=\"grve-media\"><img loading=\"lazy\" decoding=\"async\" width=\"560\" height=\"560\" src=\"https:\/\/deltaphotorom.fr\/nicolas-bacri-photographe-romilly\/wp-content\/uploads\/2025\/09\/nicolas-bacri-photographe-1020-560x560.jpg\" class=\"attachment-movedo-grve-small-square size-movedo-grve-small-square\" alt=\"\" srcset=\"https:\/\/deltaphotorom.fr\/nicolas-bacri-photographe-romilly\/wp-content\/uploads\/2025\/09\/nicolas-bacri-photographe-1020-560x560.jpg 560w, https:\/\/deltaphotorom.fr\/nicolas-bacri-photographe-romilly\/wp-content\/uploads\/2025\/09\/nicolas-bacri-photographe-1020-150x150.jpg 150w\" sizes=\"auto, (max-width: 560px) 100vw, 560px\" \/><\/div>  <\/figure><\/div><\/div><div class=\"grve-isotope-item grve-hover-item grve-hover-style-none grve-image-square\"><div class=\"grve-isotope-item-inner grve-zoom-in\">  <figure class=\"grve-image-hover\">    <a class=\"grve-item-url\" href=\"https:\/\/deltaphotorom.fr\/nicolas-bacri-photographe-romilly\/wp-content\/uploads\/2025\/09\/Gateau-01.jpg\" ><\/a>    <div class=\"grve-hover-overlay grve-bg-light grve-opacity-90\"><\/div><div class=\"grve-media\"><img loading=\"lazy\" decoding=\"async\" width=\"560\" height=\"560\" src=\"https:\/\/deltaphotorom.fr\/nicolas-bacri-photographe-romilly\/wp-content\/uploads\/2025\/09\/Gateau-01-560x560.jpg\" class=\"attachment-movedo-grve-small-square size-movedo-grve-small-square\" alt=\"\" srcset=\"https:\/\/deltaphotorom.fr\/nicolas-bacri-photographe-romilly\/wp-content\/uploads\/2025\/09\/Gateau-01-560x560.jpg 560w, https:\/\/deltaphotorom.fr\/nicolas-bacri-photographe-romilly\/wp-content\/uploads\/2025\/09\/Gateau-01-150x150.jpg 150w\" sizes=\"auto, (max-width: 560px) 100vw, 560px\" \/><\/div>  <\/figure><\/div><\/div><div class=\"grve-isotope-item grve-hover-item grve-hover-style-none grve-image-square\"><div class=\"grve-isotope-item-inner grve-zoom-in\">  <figure class=\"grve-image-hover\">    <a class=\"grve-item-url\" href=\"https:\/\/deltaphotorom.fr\/nicolas-bacri-photographe-romilly\/wp-content\/uploads\/2025\/09\/Montage-Goy-5070.jpg\" ><\/a>    <div class=\"grve-hover-overlay grve-bg-light grve-opacity-90\"><\/div><div class=\"grve-media\"><img loading=\"lazy\" decoding=\"async\" width=\"560\" height=\"560\" src=\"https:\/\/deltaphotorom.fr\/nicolas-bacri-photographe-romilly\/wp-content\/uploads\/2025\/09\/Montage-Goy-5070-560x560.jpg\" class=\"attachment-movedo-grve-small-square size-movedo-grve-small-square\" alt=\"\" srcset=\"https:\/\/deltaphotorom.fr\/nicolas-bacri-photographe-romilly\/wp-content\/uploads\/2025\/09\/Montage-Goy-5070-560x560.jpg 560w, https:\/\/deltaphotorom.fr\/nicolas-bacri-photographe-romilly\/wp-content\/uploads\/2025\/09\/Montage-Goy-5070-150x150.jpg 150w, https:\/\/deltaphotorom.fr\/nicolas-bacri-photographe-romilly\/wp-content\/uploads\/2025\/09\/Montage-Goy-5070-900x900.jpg 900w\" sizes=\"auto, (max-width: 560px) 100vw, 560px\" \/><\/div>  <\/figure><\/div><\/div><div class=\"grve-isotope-item grve-hover-item grve-hover-style-none grve-image-landscape\"><div class=\"grve-isotope-item-inner grve-zoom-in\">  <figure class=\"grve-image-hover\">    <a class=\"grve-item-url\" href=\"https:\/\/deltaphotorom.fr\/nicolas-bacri-photographe-romilly\/wp-content\/uploads\/2025\/09\/05NB.jpg\" ><\/a>    <div class=\"grve-hover-overlay grve-bg-light grve-opacity-90\"><\/div><div class=\"grve-media\"><img loading=\"lazy\" decoding=\"async\" width=\"900\" height=\"900\" src=\"https:\/\/deltaphotorom.fr\/nicolas-bacri-photographe-romilly\/wp-content\/uploads\/2025\/09\/05NB-900x900.jpg\" class=\"attachment-movedo-grve-medium-square size-movedo-grve-medium-square\" alt=\"\" srcset=\"https:\/\/deltaphotorom.fr\/nicolas-bacri-photographe-romilly\/wp-content\/uploads\/2025\/09\/05NB-900x900.jpg 900w, https:\/\/deltaphotorom.fr\/nicolas-bacri-photographe-romilly\/wp-content\/uploads\/2025\/09\/05NB-150x150.jpg 150w, https:\/\/deltaphotorom.fr\/nicolas-bacri-photographe-romilly\/wp-content\/uploads\/2025\/09\/05NB-560x560.jpg 560w\" sizes=\"auto, (max-width: 900px) 100vw, 900px\" \/><\/div>  <\/figure><\/div><\/div><div class=\"grve-isotope-item grve-hover-item grve-hover-style-none grve-image-square\"><div class=\"grve-isotope-item-inner grve-zoom-in\">  <figure class=\"grve-image-hover\">    <a class=\"grve-item-url\" href=\"https:\/\/deltaphotorom.fr\/nicolas-bacri-photographe-romilly\/wp-content\/uploads\/2025\/09\/08.jpg\" ><\/a>    <div class=\"grve-hover-overlay grve-bg-light grve-opacity-90\"><\/div><div class=\"grve-media\"><img loading=\"lazy\" decoding=\"async\" width=\"560\" height=\"560\" src=\"https:\/\/deltaphotorom.fr\/nicolas-bacri-photographe-romilly\/wp-content\/uploads\/2025\/09\/08-560x560.jpg\" class=\"attachment-movedo-grve-small-square size-movedo-grve-small-square\" alt=\"\" srcset=\"https:\/\/deltaphotorom.fr\/nicolas-bacri-photographe-romilly\/wp-content\/uploads\/2025\/09\/08-560x560.jpg 560w, https:\/\/deltaphotorom.fr\/nicolas-bacri-photographe-romilly\/wp-content\/uploads\/2025\/09\/08-150x150.jpg 150w\" sizes=\"auto, (max-width: 560px) 100vw, 560px\" \/><\/div>  <\/figure><\/div><\/div>  <\/div><\/div>[\/vc_column][\/vc_row][vc_row heading_color=\u00a0\u00bblight\u00a0\u00bb bg_type=\u00a0\u00bbcolor\u00a0\u00bb padding_top_multiplier=\u00a0\u00bb2x\u00a0\u00bb padding_bottom_multiplier=\u00a0\u00bb2x\u00a0\u00bb bg_color=\u00a0\u00bb#000000&Prime;][vc_column]<div class=\"grve-element grve-image grve-animated-item grve-duration-normal grve-fade-in-up grve-align-center\" style=\"\" data-delay=\"200\">  <div class=\"grve-image-wrapper\"><img loading=\"lazy\" decoding=\"async\" width=\"768\" height=\"512\" src=\"https:\/\/deltaphotorom.fr\/nicolas-bacri-photographe-romilly\/wp-content\/uploads\/2025\/09\/WhatsApp-Image-2025-09-25-at-17.45.53-768x512.jpeg\" class=\"grve-extra-round attachment-medium_large size-medium_large\" alt=\"\" srcset=\"https:\/\/deltaphotorom.fr\/nicolas-bacri-photographe-romilly\/wp-content\/uploads\/2025\/09\/WhatsApp-Image-2025-09-25-at-17.45.53-768x512.jpeg 768w, https:\/\/deltaphotorom.fr\/nicolas-bacri-photographe-romilly\/wp-content\/uploads\/2025\/09\/WhatsApp-Image-2025-09-25-at-17.45.53-300x200.jpeg 300w, https:\/\/deltaphotorom.fr\/nicolas-bacri-photographe-romilly\/wp-content\/uploads\/2025\/09\/WhatsApp-Image-2025-09-25-at-17.45.53-1024x682.jpeg 1024w, https:\/\/deltaphotorom.fr\/nicolas-bacri-photographe-romilly\/wp-content\/uploads\/2025\/09\/WhatsApp-Image-2025-09-25-at-17.45.53-1536x1023.jpeg 1536w, https:\/\/deltaphotorom.fr\/nicolas-bacri-photographe-romilly\/wp-content\/uploads\/2025\/09\/WhatsApp-Image-2025-09-25-at-17.45.53.jpeg 1600w\" sizes=\"auto, (max-width: 768px) 100vw, 768px\" \/>   <\/div><\/div><div class=\"grve-empty-space grve-height-1x\" style=\"\"><\/div><div class=\"grve-element grve-image grve-animated-item grve-duration-normal grve-fade-in-up grve-align-center\" style=\"\" data-delay=\"200\">  <div class=\"grve-image-wrapper\"><img loading=\"lazy\" decoding=\"async\" width=\"768\" height=\"1152\" src=\"https:\/\/deltaphotorom.fr\/nicolas-bacri-photographe-romilly\/wp-content\/uploads\/2025\/09\/Seance-Portrait-768x1152.jpg\" class=\"grve-extra-round attachment-medium_large size-medium_large\" alt=\"\" srcset=\"https:\/\/deltaphotorom.fr\/nicolas-bacri-photographe-romilly\/wp-content\/uploads\/2025\/09\/Seance-Portrait-768x1152.jpg 768w, https:\/\/deltaphotorom.fr\/nicolas-bacri-photographe-romilly\/wp-content\/uploads\/2025\/09\/Seance-Portrait-200x300.jpg 200w, https:\/\/deltaphotorom.fr\/nicolas-bacri-photographe-romilly\/wp-content\/uploads\/2025\/09\/Seance-Portrait-683x1024.jpg 683w, https:\/\/deltaphotorom.fr\/nicolas-bacri-photographe-romilly\/wp-content\/uploads\/2025\/09\/Seance-Portrait.jpg 800w\" sizes=\"auto, (max-width: 768px) 100vw, 768px\" \/>   <\/div><\/div>[\/vc_column][vc_column][\/vc_column][\/vc_row][vc_row heading_color=\u00a0\u00bblight\u00a0\u00bb disable_element=\u00a0\u00bbyes\u00a0\u00bb section_type=\u00a0\u00bbfullwidth\u00a0\u00bb bg_type=\u00a0\u00bbcolor\u00a0\u00bb padding_top_multiplier=\u00a0\u00bb\u00a0\u00bb padding_bottom_multiplier=\u00a0\u00bb\u00a0\u00bb columns_gap=\u00a0\u00bbnone\u00a0\u00bb equal_column_height=\u00a0\u00bbmiddle-content\u00a0\u00bb font_color=\u00a0\u00bb#ffffff\u00a0\u00bb bg_color=\u00a0\u00bb#000000&Prime;][vc_column width=\u00a0\u00bb1\/2&Prime; css=\u00a0\u00bb.vc_custom_1507880538947{background-image: url(https:\/\/greatives.eu\/themes\/movedo\/movedo-creative-agency\/wp-content\/uploads\/sites\/3\/2017\/10\/movedo-img-08.jpg?id=71) !important;background-position: center !important;background-repeat: no-repeat !important;background-size: cover !important;}\u00a0\u00bb][\/vc_column][vc_column width=\u00a0\u00bb1\/2&Prime; css=\u00a0\u00bb.vc_custom_1507880650483{padding: 14% !important;}\u00a0\u00bb]<h3 class=\"grve-element grve-title grve-align-left grve-h3\" style=\"margin-bottom: 0px;\"><span>Creative to all<br \/>\nintents and purposes<\/span><\/h3><div class=\"grve-empty-space grve-height-1x\" style=\"\"><\/div>[vc_column_text]Ullamcorper tempus, Donec placerat amet, non ornare. Ultrices augue eu dui at tempor euismod vehicula id neque, id aliquam nisi nec nisl morbi at feugiat eos solum doming ornatus cu, ne quem numquam sed.[\/vc_column_text]<div class=\"grve-empty-space grve-height-2x\" style=\"\"><\/div><div class=\"grve-element grve-align-left\"><a href=\"#\" class=\"grve-btn grve-btn-medium grve-square grve-bg-primary-2 grve-bg-hover-white\"><span>Read More About<\/span><\/a><\/div>[\/vc_column][\/vc_row][vc_row heading_color=\u00a0\u00bblight\u00a0\u00bb section_type=\u00a0\u00bbfullwidth\u00a0\u00bb bg_type=\u00a0\u00bbimage\u00a0\u00bb bg_image=\u00a0\u00bb14835&Prime; padding_top_multiplier=\u00a0\u00bb\u00a0\u00bb padding_bottom_multiplier=\u00a0\u00bb\u00a0\u00bb columns_gap=\u00a0\u00bbnone\u00a0\u00bb equal_column_height=\u00a0\u00bbequal-column\u00a0\u00bb font_color=\u00a0\u00bb#ffffff\u00a0\u00bb][vc_column width=\u00a0\u00bb1\/2&Prime; css=\u00a0\u00bb.vc_custom_1507880751781{padding: 14% !important;}\u00a0\u00bb][\/vc_column][vc_column width=\u00a0\u00bb1\/2&Prime; css=\u00a0\u00bb.vc_custom_1758122672981{padding-top: 14% !important;padding-right: 14% !important;padding-bottom: 14% !important;padding-left: 14% !important;background-color: #0000008F !important;}\u00a0\u00bb]<h3 class=\"grve-element grve-title grve-align-left grve-small-text\" style=\"margin-bottom: 18px;\"><span>Envie d&rsquo;en savoir plus ?<\/span><\/h3><h3 class=\"grve-element grve-title grve-align-left grve-h5\" style=\"\"><span>Contactez moi !<\/span><\/h3><div class=\"grve-element grve-align-left grve-animated-item grve-zoom-in grve-duration-normal\" data-delay=\"200\"><a href=\"https:\/\/deltaphotorom.fr\/nicolas-bacri-photographe-romilly\/contact\/#formulaire\" title=\"Formulaire de contact\" class=\"grve-btn grve-btn-medium grve-round grve-bg-primary-2 grve-bg-hover-primary-3\"><span><i class=\"fa fa-solid fa-envelope\"><\/i>Formulaire de contact<\/span><\/a><\/div>[\/vc_column][\/vc_row]<\/p>\n<\/div>","protected":false},"excerpt":{"rendered":"<p>[vc_row heading_color=\u00a0\u00bblight\u00a0\u00bb section_full_height=\u00a0\u00bbfullheight\u00a0\u00bb bg_type=\u00a0\u00bbimage\u00a0\u00bb bg_image=\u00a0\u00bb14904&Prime; bg_image_type=\u00a0\u00bbparallax\u00a0\u00bb color_overlay=\u00a0\u00bbgradient\u00a0\u00bb gradient_overlay_custom_1=\u00a0\u00bb#00000085&Prime; gradient_overlay_custom_2=\u00a0\u00bb#000000&Prime; gradient_overlay_direction=\u00a0\u00bb180&Prime; padding_top_multiplier=\u00a0\u00bb6x\u00a0\u00bb padding_bottom_multiplier=\u00a0\u00bb6x\u00a0\u00bb columns_gap=\u00a0\u00bb60&Prime; equal_column_height=\u00a0\u00bbmiddle-content\u00a0\u00bb font_color=\u00a0\u00bb#ffffff\u00a0\u00bb][vc_column][vc_row_inner][vc_column_inner width=\u00a0\u00bb1\/3&Prime;][\/vc_column_inner][vc_column_inner width=\u00a0\u00bb1\/3&Prime;][\/vc_column_inner][vc_column_inner width=\u00a0\u00bb1\/3&Prime;][\/vc_column_inner][\/vc_row_inner][\/vc_column][\/vc_row][vc_row heading_color=\u00a0\u00bblight\u00a0\u00bb bg_type=\u00a0\u00bbcolor\u00a0\u00bb padding_top_multiplier=\u00a0\u00bb\u00a0\u00bb padding_bottom_multiplier=\u00a0\u00bb\u00a0\u00bb columns_gap=\u00a0\u00bbnone\u00a0\u00bb equal_column_height=\u00a0\u00bbmiddle-content\u00a0\u00bb font_color=\u00a0\u00bb#ffffff\u00a0\u00bb bg_color=\u00a0\u00bb#000000&Prime;][vc_column css=\u00a0\u00bb.vc_custom_1758124018969{background-position: center !important;background-repeat: no-repeat !important;background-size: cover !important;}\u00a0\u00bb][\/vc_column][\/vc_row][vc_row heading_color=\u00a0\u00bblight\u00a0\u00bb bg_type=\u00a0\u00bbcolor\u00a0\u00bb padding_top_multiplier=\u00a0\u00bb2x\u00a0\u00bb padding_bottom_multiplier=\u00a0\u00bb2x\u00a0\u00bb bg_color=\u00a0\u00bb#000000&Prime;][vc_column][\/vc_column][vc_column][\/vc_column][\/vc_row][vc_row heading_color=\u00a0\u00bblight\u00a0\u00bb bg_type=\u00a0\u00bbcolor\u00a0\u00bb padding_top_multiplier=\u00a0\u00bb2x\u00a0\u00bb padding_bottom_multiplier=\u00a0\u00bb2x\u00a0\u00bb bg_color=\u00a0\u00bb#000000&Prime;][vc_column][\/vc_column][vc_column][\/vc_column][\/vc_row][vc_row heading_color=\u00a0\u00bblight\u00a0\u00bb disable_element=\u00a0\u00bbyes\u00a0\u00bb section_type=\u00a0\u00bbfullwidth\u00a0\u00bb bg_type=\u00a0\u00bbcolor\u00a0\u00bb padding_top_multiplier=\u00a0\u00bb\u00a0\u00bb padding_bottom_multiplier=\u00a0\u00bb\u00a0\u00bb columns_gap=\u00a0\u00bbnone\u00a0\u00bb equal_column_height=\u00a0\u00bbmiddle-content\u00a0\u00bb font_color=\u00a0\u00bb#ffffff\u00a0\u00bb bg_color=\u00a0\u00bb#000000&Prime;][vc_column width=\u00a0\u00bb1\/2&Prime; css=\u00a0\u00bb.vc_custom_1507880538947{background-image: [&hellip;]<\/p>\n","protected":false},"author":1,"featured_media":14904,"parent":18,"menu_order":0,"comment_status":"closed","ping_status":"closed","template":"","meta":{"footnotes":""},"class_list":["post-14900","page","type-page","status-publish","has-post-thumbnail","hentry"],"_links":{"self":[{"href":"https:\/\/deltaphotorom.fr\/nicolas-bacri-photographe-romilly\/wp-json\/wp\/v2\/pages\/14900","targetHints":{"allow":["GET"]}}],"collection":[{"href":"https:\/\/deltaphotorom.fr\/nicolas-bacri-photographe-romilly\/wp-json\/wp\/v2\/pages"}],"about":[{"href":"https:\/\/deltaphotorom.fr\/nicolas-bacri-photographe-romilly\/wp-json\/wp\/v2\/types\/page"}],"author":[{"embeddable":true,"href":"https:\/\/deltaphotorom.fr\/nicolas-bacri-photographe-romilly\/wp-json\/wp\/v2\/users\/1"}],"replies":[{"embeddable":true,"href":"https:\/\/deltaphotorom.fr\/nicolas-bacri-photographe-romilly\/wp-json\/wp\/v2\/comments?post=14900"}],"version-history":[{"count":9,"href":"https:\/\/deltaphotorom.fr\/nicolas-bacri-photographe-romilly\/wp-json\/wp\/v2\/pages\/14900\/revisions"}],"predecessor-version":[{"id":15131,"href":"https:\/\/deltaphotorom.fr\/nicolas-bacri-photographe-romilly\/wp-json\/wp\/v2\/pages\/14900\/revisions\/15131"}],"up":[{"embeddable":true,"href":"https:\/\/deltaphotorom.fr\/nicolas-bacri-photographe-romilly\/wp-json\/wp\/v2\/pages\/18"}],"wp:featuredmedia":[{"embeddable":true,"href":"https:\/\/deltaphotorom.fr\/nicolas-bacri-photographe-romilly\/wp-json\/wp\/v2\/media\/14904"}],"wp:attachment":[{"href":"https:\/\/deltaphotorom.fr\/nicolas-bacri-photographe-romilly\/wp-json\/wp\/v2\/media?parent=14900"}],"curies":[{"name":"wp","href":"https:\/\/api.w.org\/{rel}","templated":true}]}}