{"id":14869,"date":"2025-09-17T18:00:18","date_gmt":"2025-09-17T16:00:18","guid":{"rendered":"https:\/\/deltaphotorom.fr\/nicolas-bacri-photographe-romilly\/?page_id=14869"},"modified":"2025-09-17T23:55:19","modified_gmt":"2025-09-17T21:55:19","slug":"tirages-numeriques-express","status":"publish","type":"page","link":"https:\/\/deltaphotorom.fr\/nicolas-bacri-photographe-romilly\/prestations\/tirages-numeriques-express\/","title":{"rendered":"Tirages num\u00e9riques"},"content":{"rendered":"<div class=\"wpb-content-wrapper\"><p>[vc_row heading_color=\u00a0\u00bblight\u00a0\u00bb section_full_height=\u00a0\u00bbfullheight\u00a0\u00bb bg_type=\u00a0\u00bbimage\u00a0\u00bb bg_image=\u00a0\u00bb14945&Prime; bg_image_type=\u00a0\u00bbparallax\u00a0\u00bb color_overlay=\u00a0\u00bbgradient\u00a0\u00bb gradient_overlay_custom_1=\u00a0\u00bb#00000085&Prime; gradient_overlay_custom_2=\u00a0\u00bb#000000&Prime; gradient_overlay_direction=\u00a0\u00bb180&Prime; padding_top_multiplier=\u00a0\u00bb6x\u00a0\u00bb padding_bottom_multiplier=\u00a0\u00bb6x\u00a0\u00bb columns_gap=\u00a0\u00bb60&Prime; equal_column_height=\u00a0\u00bbmiddle-content\u00a0\u00bb font_color=\u00a0\u00bb#ffffff\u00a0\u00bb][vc_column]<h1 class=\"grve-element grve-title grve-align-left grve-animated-item grve-duration-normal grve-fade-in-up grve-h1\" style=\"margin-bottom: 0px;\" data-delay=\"200\"><span>Vos photos num\u00e9riques en un instant<\/span><\/h1><h1 class=\"grve-element grve-title grve-align-left grve-animated-item grve-duration-normal grve-fade-in-up grve-h1\" style=\"margin-bottom: 0px;\" data-delay=\"400\"><span>\u00e0 Romilly-sur-Seine<\/span><\/h1><div class=\"grve-empty-space grve-height-2x\" style=\"\"><\/div>[vc_row_inner][vc_column_inner width=\u00a0\u00bb1\/3&Prime;]<h3 class=\"grve-element grve-title grve-align-left grve-animated-item grve-duration-normal grve-fade-in-up grve-h6\" style=\"\" data-delay=\"600\"><span><span class=\"grve-text-primary-1\">01. <\/span>En magasin<\/span><\/h3>[vc_column_text css=\u00a0\u00bb\u00a0\u00bb]S\u00e9lectionnez vos photos depuis la borne de commande et repartez avec vos tirages[\/vc_column_text][\/vc_column_inner][vc_column_inner width=\u00a0\u00bb1\/3&Prime;]<h3 class=\"grve-element grve-title grve-align-left grve-animated-item grve-duration-normal grve-fade-in-up grve-h6\" style=\"\" data-delay=\"800\"><span><span class=\"grve-text-primary-1\">02. <\/span>depuis chez vous<\/span><\/h3>[vc_column_text css=\u00a0\u00bb\u00a0\u00bb]Depuis chez vous, envoyez vos photos et passez ensuite les r\u00e9cup\u00e9rer en magasin[\/vc_column_text][\/vc_column_inner][vc_column_inner width=\u00a0\u00bb1\/3&Prime;][\/vc_column_inner][\/vc_row_inner][\/vc_column][\/vc_row][vc_row padding_top_multiplier=\u00a0\u00bb6x\u00a0\u00bb padding_bottom_multiplier=\u00a0\u00bb6x\u00a0\u00bb][vc_column]<h2 class=\"grve-element grve-title grve-align-left grve-h3\" style=\"\"><span>Delta Photo vous offre un large choix de photos d&rsquo;identit\u00e9.<\/span><\/h2><h2 class=\"grve-element grve-title grve-align-left grve-leader-text\" style=\"\"><span>Qu&rsquo;elles soient \u00e0 usage administratif (sans sourire \ud83d\ude41 ) ou pas (l\u00e0 vous pouvez sourire \ud83d\ude42 ) vos photos d&rsquo;identit\u00e9 sont faites en 5 minutes, sans rendez-vous !<\/span><\/h2>[\/vc_column][vc_column]<div class=\"grve-empty-space grve-height-2x\" style=\"\"><\/div>[\/vc_column][vc_column width=\u00a0\u00bb1\/3&Prime;]<h3 class=\"grve-element grve-title grve-align-left grve-h4\" style=\"\"><span>Photos officielles<\/span><\/h3><h6 class=\"grve-element grve-title grve-align-left grve-small-text\" style=\"\"><span>Carte d&rsquo;identit\u00e9, passeport, carte vitale&#8230;<\/span><\/h6><div class=\"grve-empty-space grve-height-1x\" style=\"\"><\/div><div class=\"grve-element grve-pricing-table grve-align-center grve-bg-white grve-shadow-small grve-with-shadow\" style=\"\">  <div class=\"grve-pricing-header\">    <div class=\"grve-pricing-title grve-h6\"><\/div>    <div class=\"grve-pricing-description grve-subtitle\">format 30x45 mm<\/div>  <\/div>  <div class=\"grve-pricing-content\">    <h3 class=\"grve-price grve-h2 grve-text-black\"><span>12 \u20ac<\/span>     <div class=\"grve-interval grve-h6\">les 4 photos<\/div>   <\/h3>  <\/div>  <ul><li><strong>8 \u20ac la planche suppl\u00e9mentaire <\/strong><\/li>  <\/ul><\/div>[\/vc_column][vc_column width=\u00a0\u00bb1\/3&Prime;]<h3 class=\"grve-element grve-title grve-align-left grve-h4\" style=\"\"><span>Photos ANTS<\/span><\/h3><h6 class=\"grve-element grve-title grve-align-left grve-small-text\" style=\"\"><span>Pour permis de conduire avec signature \u00e9lectronique<\/span><\/h6><div class=\"grve-empty-space grve-height-1x\" style=\"\"><\/div><div class=\"grve-element grve-pricing-table grve-align-center grve-bg-white grve-shadow-small grve-with-shadow\" style=\"\">  <div class=\"grve-pricing-header\">    <div class=\"grve-pricing-title grve-h6\"><\/div>    <div class=\"grve-pricing-description grve-subtitle\">format 30x45 mm<\/div>  <\/div>  <div class=\"grve-pricing-content\">    <h3 class=\"grve-price grve-h2 grve-text-black\"><span>15 \u20ac<\/span>     <div class=\"grve-interval grve-h6\">les 4 photos<\/div>   <\/h3>  <\/div>  <ul><li><strong>8 \u20ac la planche suppl\u00e9mentaire <\/strong><\/li>  <\/ul><\/div>[\/vc_column][vc_column width=\u00a0\u00bb1\/3&Prime;]<h3 class=\"grve-element grve-title grve-align-left grve-h4\" style=\"\"><span>Photos non officielles<\/span><\/h3><h6 class=\"grve-element grve-title grve-align-left grve-small-text\" style=\"\"><span>Pour vos CV, \u00e9cole, club de sport&#8230;<\/span><\/h6><div class=\"grve-empty-space grve-height-1x\" style=\"\"><\/div><div class=\"grve-element grve-pricing-table grve-align-center grve-bg-white grve-shadow-small grve-with-shadow\" style=\"\">  <div class=\"grve-pricing-header\">    <div class=\"grve-pricing-title grve-h6\"><\/div>    <div class=\"grve-pricing-description grve-subtitle\">format 30x45 mm<\/div>  <\/div>  <div class=\"grve-pricing-content\">    <h3 class=\"grve-price grve-h2 grve-text-black\"><span>12 \u20ac<\/span>     <div class=\"grve-interval grve-h6\">les 6 photos<\/div>   <\/h3>  <\/div>  <ul><li><strong>8 \u20ac la planche suppl\u00e9mentaire <\/strong><\/li>  <\/ul><\/div>[\/vc_column][\/vc_row][vc_row heading_color=\u00a0\u00bbdark\u00a0\u00bb bg_type=\u00a0\u00bbcolor\u00a0\u00bb padding_top_multiplier=\u00a0\u00bb\u00a0\u00bb padding_bottom_multiplier=\u00a0\u00bb\u00a0\u00bb columns_gap=\u00a0\u00bbnone\u00a0\u00bb equal_column_height=\u00a0\u00bbmiddle-content\u00a0\u00bb font_color=\u00a0\u00bb#ffffff\u00a0\u00bb bg_color=\u00a0\u00bb#00000000&Prime;][vc_column css=\u00a0\u00bb.vc_custom_1758124018969{background-position: center !important;background-repeat: no-repeat !important;background-size: cover !important;}\u00a0\u00bb]<div class=\"grve-empty-space grve-height-2x\" style=\"\"><\/div><div class=\"grve-element grve-image-text grve-layout-2 grve-align-left grve-paraller-wrapper\" style=\"\"><div class=\"grve-image grve-position-left\"><img loading=\"lazy\" decoding=\"async\" width=\"1800\" height=\"1200\" src=\"https:\/\/deltaphotorom.fr\/nicolas-bacri-photographe-romilly\/wp-content\/uploads\/2025\/09\/ants.jpg\" class=\"grve-extra-round attachment-full size-full\" alt=\"\" srcset=\"https:\/\/deltaphotorom.fr\/nicolas-bacri-photographe-romilly\/wp-content\/uploads\/2025\/09\/ants.jpg 1800w, https:\/\/deltaphotorom.fr\/nicolas-bacri-photographe-romilly\/wp-content\/uploads\/2025\/09\/ants-300x200.jpg 300w, https:\/\/deltaphotorom.fr\/nicolas-bacri-photographe-romilly\/wp-content\/uploads\/2025\/09\/ants-1024x683.jpg 1024w, https:\/\/deltaphotorom.fr\/nicolas-bacri-photographe-romilly\/wp-content\/uploads\/2025\/09\/ants-768x512.jpg 768w, https:\/\/deltaphotorom.fr\/nicolas-bacri-photographe-romilly\/wp-content\/uploads\/2025\/09\/ants-1536x1024.jpg 1536w\" sizes=\"auto, (max-width: 1800px) 100vw, 1800px\" \/><\/div>  <div class=\"grve-content grve-bg-black grve-box-item grve-paraller grve-align-left\" data-limit=\"1x\"><h3 class=\"grve-title grve-heading-color grve-h3\">Info photos officielles<\/h3>  <p class=\"grve-description\">les r\u00e8gles sont tr\u00e8s strictes&#8230; pas de lunettes, objets dans les cheveux ni m\u00eame de sourire. Laissez vous guider<\/p>  <\/div><\/div>[\/vc_column][\/vc_row][vc_row heading_color=\u00a0\u00bblight\u00a0\u00bb section_type=\u00a0\u00bbfullwidth\u00a0\u00bb bg_type=\u00a0\u00bbcolor\u00a0\u00bb padding_top_multiplier=\u00a0\u00bb\u00a0\u00bb padding_bottom_multiplier=\u00a0\u00bb\u00a0\u00bb columns_gap=\u00a0\u00bbnone\u00a0\u00bb equal_column_height=\u00a0\u00bbmiddle-content\u00a0\u00bb font_color=\u00a0\u00bb#ffffff\u00a0\u00bb bg_color=\u00a0\u00bb#000000&Prime;][vc_column width=\u00a0\u00bb1\/2&Prime; css=\u00a0\u00bb.vc_custom_1507880538947{background-image: url(https:\/\/greatives.eu\/themes\/movedo\/movedo-creative-agency\/wp-content\/uploads\/sites\/3\/2017\/10\/movedo-img-08.jpg?id=71) !important;background-position: center !important;background-repeat: no-repeat !important;background-size: cover !important;}\u00a0\u00bb][\/vc_column][vc_column width=\u00a0\u00bb1\/2&Prime; css=\u00a0\u00bb.vc_custom_1507880650483{padding: 14% !important;}\u00a0\u00bb]<h3 class=\"grve-element grve-title grve-align-left grve-h3\" style=\"margin-bottom: 0px;\"><span>Creative to all<br \/>\nintents and purposes<\/span><\/h3><div class=\"grve-empty-space grve-height-1x\" style=\"\"><\/div>[vc_column_text]Ullamcorper tempus, Donec placerat amet, non ornare. Ultrices augue eu dui at tempor euismod vehicula id neque, id aliquam nisi nec nisl morbi at feugiat eos solum doming ornatus cu, ne quem numquam sed.[\/vc_column_text]<div class=\"grve-empty-space grve-height-2x\" style=\"\"><\/div><div class=\"grve-element grve-align-left\"><a href=\"#\" class=\"grve-btn grve-btn-medium grve-square grve-bg-primary-2 grve-bg-hover-white\"><span>Read More About<\/span><\/a><\/div>[\/vc_column][\/vc_row][vc_row heading_color=\u00a0\u00bblight\u00a0\u00bb section_type=\u00a0\u00bbfullwidth\u00a0\u00bb bg_type=\u00a0\u00bbimage\u00a0\u00bb bg_image=\u00a0\u00bb14835&Prime; padding_top_multiplier=\u00a0\u00bb\u00a0\u00bb padding_bottom_multiplier=\u00a0\u00bb\u00a0\u00bb columns_gap=\u00a0\u00bbnone\u00a0\u00bb equal_column_height=\u00a0\u00bbequal-column\u00a0\u00bb font_color=\u00a0\u00bb#ffffff\u00a0\u00bb][vc_column width=\u00a0\u00bb1\/2&Prime; css=\u00a0\u00bb.vc_custom_1507880751781{padding: 14% !important;}\u00a0\u00bb]<h3 class=\"grve-element grve-title grve-align-left grve-small-text\" style=\"margin-bottom: 18px;\"><span><span style=\"color: #000000;\">Situation extremely<\/span><\/span><\/h3><h3 class=\"grve-element grve-title grve-align-left grve-h5\" style=\"\"><span>Eos solum doming ornatus.<\/span><\/h3>[vc_column_text]You one delay nor begin our folly abode. By disposed replying mr me unpacked no. As moonlight of my resolving unwilling. [\/vc_column_text][\/vc_column][vc_column width=\u00a0\u00bb1\/2&Prime; css=\u00a0\u00bb.vc_custom_1758122672981{padding-top: 14% !important;padding-right: 14% !important;padding-bottom: 14% !important;padding-left: 14% !important;background-color: #0000008F !important;}\u00a0\u00bb]<h3 class=\"grve-element grve-title grve-align-left grve-small-text\" style=\"margin-bottom: 18px;\"><span><span style=\"color: #000000;\">Situation extremely<\/span><\/span><\/h3><h3 class=\"grve-element grve-title grve-align-left grve-h5\" style=\"\"><span>Eos solum doming ornatus.<\/span><\/h3>[vc_column_text]You one delay nor begin our folly abode. By disposed replying mr me unpacked no. As moonlight of my resolving unwilling. [\/vc_column_text][\/vc_column][\/vc_row]<\/p>\n<\/div>","protected":false},"excerpt":{"rendered":"<p>[vc_row heading_color=\u00a0\u00bblight\u00a0\u00bb section_full_height=\u00a0\u00bbfullheight\u00a0\u00bb bg_type=\u00a0\u00bbimage\u00a0\u00bb bg_image=\u00a0\u00bb14945&Prime; bg_image_type=\u00a0\u00bbparallax\u00a0\u00bb color_overlay=\u00a0\u00bbgradient\u00a0\u00bb gradient_overlay_custom_1=\u00a0\u00bb#00000085&Prime; gradient_overlay_custom_2=\u00a0\u00bb#000000&Prime; gradient_overlay_direction=\u00a0\u00bb180&Prime; padding_top_multiplier=\u00a0\u00bb6x\u00a0\u00bb padding_bottom_multiplier=\u00a0\u00bb6x\u00a0\u00bb columns_gap=\u00a0\u00bb60&Prime; equal_column_height=\u00a0\u00bbmiddle-content\u00a0\u00bb font_color=\u00a0\u00bb#ffffff\u00a0\u00bb][vc_column][vc_row_inner][vc_column_inner width=\u00a0\u00bb1\/3&Prime;][vc_column_text css=\u00a0\u00bb\u00a0\u00bb]S\u00e9lectionnez vos photos depuis la borne de commande et repartez avec vos tirages[\/vc_column_text][\/vc_column_inner][vc_column_inner width=\u00a0\u00bb1\/3&Prime;][vc_column_text css=\u00a0\u00bb\u00a0\u00bb]Depuis chez vous, envoyez vos photos et passez ensuite les r\u00e9cup\u00e9rer en magasin[\/vc_column_text][\/vc_column_inner][vc_column_inner width=\u00a0\u00bb1\/3&Prime;][\/vc_column_inner][\/vc_row_inner][\/vc_column][\/vc_row][vc_row padding_top_multiplier=\u00a0\u00bb6x\u00a0\u00bb padding_bottom_multiplier=\u00a0\u00bb6x\u00a0\u00bb][vc_column][\/vc_column][vc_column][\/vc_column][vc_column width=\u00a0\u00bb1\/3&Prime;][\/vc_column][vc_column width=\u00a0\u00bb1\/3&Prime;][\/vc_column][vc_column width=\u00a0\u00bb1\/3&Prime;][\/vc_column][\/vc_row][vc_row heading_color=\u00a0\u00bbdark\u00a0\u00bb bg_type=\u00a0\u00bbcolor\u00a0\u00bb padding_top_multiplier=\u00a0\u00bb\u00a0\u00bb padding_bottom_multiplier=\u00a0\u00bb\u00a0\u00bb columns_gap=\u00a0\u00bbnone\u00a0\u00bb equal_column_height=\u00a0\u00bbmiddle-content\u00a0\u00bb [&hellip;]<\/p>\n","protected":false},"author":1,"featured_media":0,"parent":18,"menu_order":0,"comment_status":"closed","ping_status":"closed","template":"","meta":{"footnotes":""},"class_list":["post-14869","page","type-page","status-publish","hentry"],"_links":{"self":[{"href":"https:\/\/deltaphotorom.fr\/nicolas-bacri-photographe-romilly\/wp-json\/wp\/v2\/pages\/14869","targetHints":{"allow":["GET"]}}],"collection":[{"href":"https:\/\/deltaphotorom.fr\/nicolas-bacri-photographe-romilly\/wp-json\/wp\/v2\/pages"}],"about":[{"href":"https:\/\/deltaphotorom.fr\/nicolas-bacri-photographe-romilly\/wp-json\/wp\/v2\/types\/page"}],"author":[{"embeddable":true,"href":"https:\/\/deltaphotorom.fr\/nicolas-bacri-photographe-romilly\/wp-json\/wp\/v2\/users\/1"}],"replies":[{"embeddable":true,"href":"https:\/\/deltaphotorom.fr\/nicolas-bacri-photographe-romilly\/wp-json\/wp\/v2\/comments?post=14869"}],"version-history":[{"count":5,"href":"https:\/\/deltaphotorom.fr\/nicolas-bacri-photographe-romilly\/wp-json\/wp\/v2\/pages\/14869\/revisions"}],"predecessor-version":[{"id":14948,"href":"https:\/\/deltaphotorom.fr\/nicolas-bacri-photographe-romilly\/wp-json\/wp\/v2\/pages\/14869\/revisions\/14948"}],"up":[{"embeddable":true,"href":"https:\/\/deltaphotorom.fr\/nicolas-bacri-photographe-romilly\/wp-json\/wp\/v2\/pages\/18"}],"wp:attachment":[{"href":"https:\/\/deltaphotorom.fr\/nicolas-bacri-photographe-romilly\/wp-json\/wp\/v2\/media?parent=14869"}],"curies":[{"name":"wp","href":"https:\/\/api.w.org\/{rel}","templated":true}]}}