{"id":14864,"date":"2025-09-17T18:00:37","date_gmt":"2025-09-17T16:00:37","guid":{"rendered":"https:\/\/deltaphotorom.fr\/nicolas-bacri-photographe-romilly\/?page_id=14864"},"modified":"2025-10-08T14:10:34","modified_gmt":"2025-10-08T12:10:34","slug":"borne-a-selfies","status":"publish","type":"page","link":"https:\/\/deltaphotorom.fr\/nicolas-bacri-photographe-romilly\/prestations\/borne-a-selfies\/","title":{"rendered":"Borne \u00e0 selfies"},"content":{"rendered":"<div class=\"wpb-content-wrapper\"><p>[vc_row heading_color=\u00a0\u00bblight\u00a0\u00bb section_full_height=\u00a0\u00bbfullheight\u00a0\u00bb bg_type=\u00a0\u00bbimage\u00a0\u00bb bg_image=\u00a0\u00bb14837&Prime; bg_position=\u00a0\u00bbcenter-top\u00a0\u00bb pattern_overlay=\u00a0\u00bbyes\u00a0\u00bb color_overlay=\u00a0\u00bbgradient\u00a0\u00bb gradient_overlay_custom_1=\u00a0\u00bb#00000085&Prime; gradient_overlay_custom_2=\u00a0\u00bb#000000&Prime; gradient_overlay_direction=\u00a0\u00bb180&Prime; padding_top_multiplier=\u00a0\u00bb6x\u00a0\u00bb padding_bottom_multiplier=\u00a0\u00bb6x\u00a0\u00bb columns_gap=\u00a0\u00bb60&Prime; equal_column_height=\u00a0\u00bbmiddle-content\u00a0\u00bb font_color=\u00a0\u00bb#ffffff\u00a0\u00bb][vc_column]<h1 class=\"grve-element grve-title grve-align-left grve-animated-item grve-duration-normal grve-fade-in-up grve-h1\" style=\"margin-bottom: 0px;\" data-delay=\"200\"><span>Donnez du fun \u00e0 vos \u00e9v\u00e9nements<\/span><\/h1><h1 class=\"grve-element grve-title grve-align-left grve-animated-item grve-duration-normal grve-fade-in-up grve-h1\" style=\"margin-bottom: 0px;\" data-delay=\"400\"><span>avec le photobooth Delta Photo<\/span><\/h1><div class=\"grve-empty-space grve-height-2x\" style=\"\"><\/div>[vc_row_inner][vc_column_inner width=\u00a0\u00bb1\/3&Prime;]<h3 class=\"grve-element grve-title grve-align-left grve-animated-item grve-duration-normal grve-fade-in-up grve-h6\" style=\"\" data-delay=\"600\"><span><span class=\"grve-text-primary-1\">01. <\/span>Impression personnalis\u00e9e<\/span><\/h3>[\/vc_column_inner][vc_column_inner width=\u00a0\u00bb1\/3&Prime;]<h3 class=\"grve-element grve-title grve-align-left grve-animated-item grve-duration-normal grve-fade-in-up grve-h6\" style=\"\" data-delay=\"800\"><span><span class=\"grve-text-primary-1\">02. <\/span>Tirages instantan\u00e9s<\/span><\/h3>[\/vc_column_inner][vc_column_inner width=\u00a0\u00bb1\/3&Prime;]<h3 class=\"grve-element grve-title grve-align-left grve-animated-item grve-duration-normal grve-fade-in-up grve-h6\" style=\"\" data-delay=\"800\"><span><span class=\"grve-text-primary-1\">02. <\/span>Forfaits adapt\u00e9s<\/span><\/h3>[\/vc_column_inner][\/vc_row_inner][\/vc_column][\/vc_row][vc_row padding_top_multiplier=\u00a0\u00bb2x\u00a0\u00bb padding_bottom_multiplier=\u00a0\u00bb2x\u00a0\u00bb][vc_column]<h2 class=\"grve-element grve-title grve-align-left grve-h3\" style=\"\"><span>La borne \u00e0 selfies Delta Photo vous garantit des \u00e9v\u00e9nements r\u00e9ussis !<\/span><\/h2><h2 class=\"grve-element grve-title grve-align-left grve-leader-text\" style=\"\"><span>Son utilisation simplissime et sa rapidit\u00e9 d&rsquo;impression feront de vos soir\u00e9es des moments marquants.<\/span><\/h2>[vc_column_text css=\u00a0\u00bb\u00a0\u00bb]Id\u00e9ale pour les mariages, f\u00eates familiales, s\u00e9minaires d&rsquo;entreprises&#8230;[\/vc_column_text][\/vc_column][vc_column]<div class=\"grve-empty-space grve-height-2x\" style=\"\"><\/div>[\/vc_column][vc_column width=\u00a0\u00bb1\/3&Prime;]<h3 class=\"grve-element grve-title grve-align-left grve-h4\" style=\"\"><span>Borne family<\/span><\/h3><div class=\"grve-empty-space grve-height-1x\" style=\"\"><\/div><div class=\"grve-element grve-pricing-table grve-align-center grve-bg-white grve-shadow-small grve-with-shadow\" style=\"\">  <div class=\"grve-pricing-header\">    <div class=\"grve-pricing-title grve-h6\"><\/div>    <div class=\"grve-pricing-description grve-subtitle\"><\/div>  <\/div>  <div class=\"grve-pricing-content\">    <h3 class=\"grve-price grve-h2 grve-text-black\"><span>  250 \u20ac <\/span>     <div class=\"grve-interval grve-h6\"><\/div>   <\/h3>  <\/div>  <ul><li><strong>150 photos \/ + 50 euros si livraison  <\/strong><\/li>  <\/ul><\/div>[\/vc_column][vc_column width=\u00a0\u00bb1\/3&Prime;]<h3 class=\"grve-element grve-title grve-align-left grve-h4\" style=\"\"><span>Borne Free<\/span><\/h3><h6 class=\"grve-element grve-title grve-align-left grve-small-text\" style=\"\"><span><\/span><\/h6><div class=\"grve-empty-space grve-height-1x\" style=\"\"><\/div><div class=\"grve-element grve-pricing-table grve-align-center grve-bg-white grve-shadow-small grve-with-shadow\" style=\"\">  <div class=\"grve-pricing-header\">    <div class=\"grve-pricing-title grve-h6\"><\/div>    <div class=\"grve-pricing-description grve-subtitle\">\u00e0 partir de<\/div>  <\/div>  <div class=\"grve-pricing-content\">    <h3 class=\"grve-price grve-h2 grve-text-black\"><span>300 \u20ac<\/span>     <div class=\"grve-interval grve-h6\"><\/div>   <\/h3>  <\/div>  <ul><li><strong>250 photos incluses <\/strong><\/li><li><strong>Livraison et reprise incluses.  <\/strong><\/li><li><strong>Devis suivant distance  <\/strong><\/li><li><strong> 0.50 euros \/ km  <\/strong><\/li><li><strong> <\/strong><\/li>  <\/ul><\/div>[\/vc_column][vc_column width=\u00a0\u00bb1\/3&Prime;]<h3 class=\"grve-element grve-title grve-align-left grve-h4\" style=\"\"><span>Borne miroir<\/span><\/h3><h6 class=\"grve-element grve-title grve-align-left grve-small-text\" style=\"\"><span><\/span><\/h6><div class=\"grve-empty-space grve-height-1x\" style=\"\"><\/div><div class=\"grve-element grve-pricing-table grve-align-center grve-bg-white grve-shadow-small grve-with-shadow\" style=\"\">  <div class=\"grve-pricing-header\">    <div class=\"grve-pricing-title grve-h6\"><\/div>    <div class=\"grve-pricing-description grve-subtitle\"><\/div>  <\/div>  <div class=\"grve-pricing-content\">    <h3 class=\"grve-price grve-h2 grve-text-black\"><span>450 \u20ac<\/span>     <div class=\"grve-interval grve-h6\"><\/div>   <\/h3>  <\/div>  <ul><li><strong>Pour 500 photos  <\/strong><\/li><li><strong>Livraison et reprise incluses  <\/strong><\/li><li><strong>Devis suivant distance : 0.50\/km  <\/strong><\/li>  <\/ul><\/div>[\/vc_column][\/vc_row][vc_row heading_color=\u00a0\u00bbdark\u00a0\u00bb bg_type=\u00a0\u00bbcolor\u00a0\u00bb padding_top_multiplier=\u00a0\u00bb\u00a0\u00bb padding_bottom_multiplier=\u00a0\u00bb\u00a0\u00bb columns_gap=\u00a0\u00bbnone\u00a0\u00bb equal_column_height=\u00a0\u00bbmiddle-content\u00a0\u00bb font_color=\u00a0\u00bb#ffffff\u00a0\u00bb bg_color=\u00a0\u00bb#00000000&Prime;][vc_column css=\u00a0\u00bb.vc_custom_1758124018969{background-position: center !important;background-repeat: no-repeat !important;background-size: cover !important;}\u00a0\u00bb]<div class=\"grve-empty-space grve-height-2x\" style=\"\"><\/div><div class=\"grve-element grve-image-text grve-layout-2 grve-align-left grve-paraller-wrapper\" style=\"\"><div class=\"grve-image grve-position-left\"><img loading=\"lazy\" decoding=\"async\" width=\"1281\" height=\"950\" src=\"https:\/\/deltaphotorom.fr\/nicolas-bacri-photographe-romilly\/wp-content\/uploads\/2025\/09\/borne1.jpg\" class=\"grve-extra-round attachment-full size-full\" alt=\"\" srcset=\"https:\/\/deltaphotorom.fr\/nicolas-bacri-photographe-romilly\/wp-content\/uploads\/2025\/09\/borne1.jpg 1281w, https:\/\/deltaphotorom.fr\/nicolas-bacri-photographe-romilly\/wp-content\/uploads\/2025\/09\/borne1-300x222.jpg 300w, https:\/\/deltaphotorom.fr\/nicolas-bacri-photographe-romilly\/wp-content\/uploads\/2025\/09\/borne1-1024x759.jpg 1024w, https:\/\/deltaphotorom.fr\/nicolas-bacri-photographe-romilly\/wp-content\/uploads\/2025\/09\/borne1-768x570.jpg 768w\" sizes=\"auto, (max-width: 1281px) 100vw, 1281px\" \/><\/div>  <div class=\"grve-content grve-bg-black grve-box-item grve-paraller grve-align-left\" data-limit=\"1x\"><h3 class=\"grve-title grve-heading-color grve-h3\">Vos tirages personnalis\u00e9s<\/h3>  <p class=\"grve-description\">&#8230;..<br \/>\n&#8230;..<br \/>\n&#8230;..<\/p>  <\/div><\/div><div class=\"grve-empty-space grve-height-1x\" style=\"\"><\/div>[\/vc_column][\/vc_row][vc_row heading_color=\u00a0\u00bblight\u00a0\u00bb section_type=\u00a0\u00bbfullwidth\u00a0\u00bb bg_type=\u00a0\u00bbcolor\u00a0\u00bb padding_top_multiplier=\u00a0\u00bb\u00a0\u00bb padding_bottom_multiplier=\u00a0\u00bb\u00a0\u00bb columns_gap=\u00a0\u00bbnone\u00a0\u00bb equal_column_height=\u00a0\u00bbmiddle-content\u00a0\u00bb font_color=\u00a0\u00bb#ffffff\u00a0\u00bb bg_color=\u00a0\u00bb#000000&Prime;][vc_column width=\u00a0\u00bb1\/2&Prime; css=\u00a0\u00bb.vc_custom_1758538612673{background-color: #000000 !important;background-position: center !important;background-repeat: no-repeat !important;background-size: cover !important;}\u00a0\u00bb]<video class=\"grve-element grve-embed-video\"  controls><source src=\"https:\/\/deltaphotorom.fr\/nicolas-bacri-photographe-romilly\/wp-content\/uploads\/2025\/09\/180330-DeltaPhoto2018-v2.mp4\" type=\"video\/mp4\"><\/video>[\/vc_column][vc_column width=\u00a0\u00bb1\/2&Prime; css=\u00a0\u00bb.vc_custom_1507880650483{padding: 14% !important;}\u00a0\u00bb]<h3 class=\"grve-element grve-title grve-align-left grve-h3\" style=\"margin-bottom: 0px;\"><span>D\u00e9couvrez la borne en vid\u00e9o<\/span><\/h3><div class=\"grve-empty-space grve-height-1x\" style=\"\"><\/div>[vc_column_text css=\u00a0\u00bb\u00a0\u00bb]Il n&rsquo;y a pas plus simple pour cr\u00e9er ambiance et souvenirs de vos \u00e9v\u00e9nements ![\/vc_column_text][\/vc_column][\/vc_row][vc_row heading_color=\u00a0\u00bblight\u00a0\u00bb section_type=\u00a0\u00bbfullwidth\u00a0\u00bb bg_type=\u00a0\u00bbimage\u00a0\u00bb bg_image=\u00a0\u00bb14835&Prime; padding_top_multiplier=\u00a0\u00bb\u00a0\u00bb padding_bottom_multiplier=\u00a0\u00bb\u00a0\u00bb columns_gap=\u00a0\u00bbnone\u00a0\u00bb equal_column_height=\u00a0\u00bbequal-column\u00a0\u00bb font_color=\u00a0\u00bb#ffffff\u00a0\u00bb][vc_column width=\u00a0\u00bb1\/2&Prime; css=\u00a0\u00bb.vc_custom_1507880751781{padding: 14% !important;}\u00a0\u00bb][\/vc_column][vc_column width=\u00a0\u00bb1\/2&Prime; css=\u00a0\u00bb.vc_custom_1758122672981{padding-top: 14% !important;padding-right: 14% !important;padding-bottom: 14% !important;padding-left: 14% !important;background-color: #0000008F !important;}\u00a0\u00bb]<h3 class=\"grve-element grve-title grve-align-left grve-small-text\" style=\"margin-bottom: 18px;\"><span>Envie d&rsquo;en savoir plus ?<\/span><\/h3><h3 class=\"grve-element grve-title grve-align-left grve-h5\" style=\"\"><span>Contactez moi !<\/span><\/h3><div class=\"grve-element grve-align-left grve-animated-item grve-zoom-in grve-duration-normal\" data-delay=\"200\"><a href=\"https:\/\/deltaphotorom.fr\/nicolas-bacri-photographe-romilly\/contact\/#formulaire\" title=\"Formulaire de contact\" class=\"grve-btn grve-btn-medium grve-round grve-bg-primary-2 grve-bg-hover-primary-3\"><span><i class=\"fa fa-solid fa-envelope\"><\/i>Formulaire de contact<\/span><\/a><\/div>[\/vc_column][\/vc_row]<\/p>\n<\/div>","protected":false},"excerpt":{"rendered":"<p>[vc_row heading_color=\u00a0\u00bblight\u00a0\u00bb section_full_height=\u00a0\u00bbfullheight\u00a0\u00bb bg_type=\u00a0\u00bbimage\u00a0\u00bb bg_image=\u00a0\u00bb14837&Prime; bg_position=\u00a0\u00bbcenter-top\u00a0\u00bb pattern_overlay=\u00a0\u00bbyes\u00a0\u00bb color_overlay=\u00a0\u00bbgradient\u00a0\u00bb gradient_overlay_custom_1=\u00a0\u00bb#00000085&Prime; gradient_overlay_custom_2=\u00a0\u00bb#000000&Prime; gradient_overlay_direction=\u00a0\u00bb180&Prime; padding_top_multiplier=\u00a0\u00bb6x\u00a0\u00bb padding_bottom_multiplier=\u00a0\u00bb6x\u00a0\u00bb columns_gap=\u00a0\u00bb60&Prime; equal_column_height=\u00a0\u00bbmiddle-content\u00a0\u00bb font_color=\u00a0\u00bb#ffffff\u00a0\u00bb][vc_column][vc_row_inner][vc_column_inner width=\u00a0\u00bb1\/3&Prime;][\/vc_column_inner][vc_column_inner width=\u00a0\u00bb1\/3&Prime;][\/vc_column_inner][vc_column_inner width=\u00a0\u00bb1\/3&Prime;][\/vc_column_inner][\/vc_row_inner][\/vc_column][\/vc_row][vc_row padding_top_multiplier=\u00a0\u00bb2x\u00a0\u00bb padding_bottom_multiplier=\u00a0\u00bb2x\u00a0\u00bb][vc_column][vc_column_text css=\u00a0\u00bb\u00a0\u00bb]Id\u00e9ale pour les mariages, f\u00eates familiales, s\u00e9minaires d&rsquo;entreprises&#8230;[\/vc_column_text][\/vc_column][vc_column][\/vc_column][vc_column width=\u00a0\u00bb1\/3&Prime;][\/vc_column][vc_column width=\u00a0\u00bb1\/3&Prime;][\/vc_column][vc_column width=\u00a0\u00bb1\/3&Prime;][\/vc_column][\/vc_row][vc_row heading_color=\u00a0\u00bbdark\u00a0\u00bb bg_type=\u00a0\u00bbcolor\u00a0\u00bb padding_top_multiplier=\u00a0\u00bb\u00a0\u00bb padding_bottom_multiplier=\u00a0\u00bb\u00a0\u00bb columns_gap=\u00a0\u00bbnone\u00a0\u00bb equal_column_height=\u00a0\u00bbmiddle-content\u00a0\u00bb font_color=\u00a0\u00bb#ffffff\u00a0\u00bb bg_color=\u00a0\u00bb#00000000&Prime;][vc_column css=\u00a0\u00bb.vc_custom_1758124018969{background-position: center !important;background-repeat: no-repeat !important;background-size: cover !important;}\u00a0\u00bb][\/vc_column][\/vc_row][vc_row heading_color=\u00a0\u00bblight\u00a0\u00bb section_type=\u00a0\u00bbfullwidth\u00a0\u00bb bg_type=\u00a0\u00bbcolor\u00a0\u00bb padding_top_multiplier=\u00a0\u00bb\u00a0\u00bb padding_bottom_multiplier=\u00a0\u00bb\u00a0\u00bb columns_gap=\u00a0\u00bbnone\u00a0\u00bb equal_column_height=\u00a0\u00bbmiddle-content\u00a0\u00bb font_color=\u00a0\u00bb#ffffff\u00a0\u00bb [&hellip;]<\/p>\n","protected":false},"author":1,"featured_media":14837,"parent":18,"menu_order":0,"comment_status":"closed","ping_status":"closed","template":"","meta":{"footnotes":""},"class_list":["post-14864","page","type-page","status-publish","has-post-thumbnail","hentry"],"_links":{"self":[{"href":"https:\/\/deltaphotorom.fr\/nicolas-bacri-photographe-romilly\/wp-json\/wp\/v2\/pages\/14864","targetHints":{"allow":["GET"]}}],"collection":[{"href":"https:\/\/deltaphotorom.fr\/nicolas-bacri-photographe-romilly\/wp-json\/wp\/v2\/pages"}],"about":[{"href":"https:\/\/deltaphotorom.fr\/nicolas-bacri-photographe-romilly\/wp-json\/wp\/v2\/types\/page"}],"author":[{"embeddable":true,"href":"https:\/\/deltaphotorom.fr\/nicolas-bacri-photographe-romilly\/wp-json\/wp\/v2\/users\/1"}],"replies":[{"embeddable":true,"href":"https:\/\/deltaphotorom.fr\/nicolas-bacri-photographe-romilly\/wp-json\/wp\/v2\/comments?post=14864"}],"version-history":[{"count":12,"href":"https:\/\/deltaphotorom.fr\/nicolas-bacri-photographe-romilly\/wp-json\/wp\/v2\/pages\/14864\/revisions"}],"predecessor-version":[{"id":15141,"href":"https:\/\/deltaphotorom.fr\/nicolas-bacri-photographe-romilly\/wp-json\/wp\/v2\/pages\/14864\/revisions\/15141"}],"up":[{"embeddable":true,"href":"https:\/\/deltaphotorom.fr\/nicolas-bacri-photographe-romilly\/wp-json\/wp\/v2\/pages\/18"}],"wp:featuredmedia":[{"embeddable":true,"href":"https:\/\/deltaphotorom.fr\/nicolas-bacri-photographe-romilly\/wp-json\/wp\/v2\/media\/14837"}],"wp:attachment":[{"href":"https:\/\/deltaphotorom.fr\/nicolas-bacri-photographe-romilly\/wp-json\/wp\/v2\/media?parent=14864"}],"curies":[{"name":"wp","href":"https:\/\/api.w.org\/{rel}","templated":true}]}}